{"id":1463,"date":"2017-01-10T08:13:32","date_gmt":"2017-01-10T08:13:32","guid":{"rendered":"https:\/\/therapyspace.pro\/?page_id=1463"},"modified":"2023-10-11T13:09:19","modified_gmt":"2023-10-11T13:09:19","slug":"tiksanas","status":"publish","type":"page","link":"https:\/\/therapyspace.pro\/lv\/tiksanas\/","title":{"rendered":"Tik\u0161an\u0101s"},"content":{"rendered":"<section class=\"wpb-content-wrapper\"><p>[vc_row][vc_column]<div id=\"sc_title_1823825961\"\n\t\tclass=\"sc_title sc_title_default  vc_custom_1697029755458\"><h6 class=\"sc_item_subtitle sc_title_subtitle sc_align_center sc_item_title_style_default\">Pieteikties konsult\u0101cijai<\/h6><h3 class=\"sc_item_title sc_title_title sc_align_center sc_item_title_style_default\">Tik\u0161an\u0101s ar speci\u0101listu<\/h3><\/div><!-- \/.sc_title -->[vc_column_text]<div class=\"booked-calendar-shortcode-wrap\"><div class=\"booked-calendar-wrap large\"><div class=\"booked-calendar\" data-calendar-id=\"52\" data-calendar-date=\"2026-04-01\">\n\t\t<div class=\"bc-head\">\n\n\t\t\t\n\t\t\t<div class=\"bc-row top\">\n\t\t\t\t<div class=\"bc-col\">\n\t\t\t\t\t\t\t\t\t\t<span class=\"calendarSavingState\">\n\t\t\t\t\t\t<i class=\"fa-solid fa-circle-notch fa-spin\"><\/i>\n\t\t\t\t\t<\/span>\n\t\t\t\t\t<span class=\"monthName\">\n\t\t\t\t\t\tApril 2026\t\t\t\t\t\t\t\t\t\t\t<\/span>\n\t\t\t\t\t<a href=\"#\" data-goto=\"2026-05-01\" class=\"page-right\"><i class=\"fa-solid fa-arrow-right\"><\/i><\/a>\t\t\t\t<\/div>\n\t\t\t<\/div>\n\t\t\t<div class=\"bc-row days\">\n\t\t\t\t\t\t\t\t<div class=\"bc-col\">Mon<\/div>\n\t\t\t\t<div class=\"bc-col\">Tue<\/div>\n\t\t\t\t<div class=\"bc-col\">Wed<\/div>\n\t\t\t\t<div class=\"bc-col\">Thu<\/div>\n\t\t\t\t<div class=\"bc-col\">Fri<\/div>\n\t\t\t\t<div class=\"bc-col\">Sat<\/div>\t\t\t\t<div class=\"bc-col\">Sun<\/div>\t\t\t<\/div>\n\t\t<\/div>\n\t\t<div class=\"bc-body\"><div class=\"bc-row week\"><div data-date=\"2026-03-30\" class=\"bc-col prev-month prev-date\"><span class=\"date\"><span class=\"number\">30<\/span><\/span><\/div><div data-date=\"2026-03-31\" class=\"bc-col prev-month prev-date\"><span class=\"date\"><span class=\"number\">31<\/span><\/span><\/div><div data-date=\"2026-04-1\" class=\"bc-col prev-date\"><span class=\"date\"><span class=\"number\">1<\/span><\/span><\/div><div data-date=\"2026-04-2\" class=\"bc-col prev-date\"><span class=\"date\"><span class=\"number\">2<\/span><\/span><\/div><div data-date=\"2026-04-3\" class=\"bc-col prev-date\"><span class=\"date\"><span class=\"number\">3<\/span><\/span><\/div><div data-date=\"2026-04-4\" class=\"bc-col prev-date\"><span class=\"date\"><span class=\"number\">4<\/span><\/span><\/div><div data-date=\"2026-04-5\" class=\"bc-col prev-date\"><span class=\"date\"><span class=\"number\">5<\/span><\/span><\/div><\/div><div class=\"bc-row week\"><div data-date=\"2026-04-6\" class=\"bc-col prev-date\"><span class=\"date\"><span class=\"number\">6<\/span><\/span><\/div><div data-date=\"2026-04-7\" class=\"bc-col prev-date\"><span class=\"date\"><span class=\"number\">7<\/span><\/span><\/div><div data-date=\"2026-04-8\" class=\"bc-col prev-date\"><span class=\"date\"><span class=\"number\">8<\/span><\/span><\/div><div data-date=\"2026-04-9\" class=\"bc-col prev-date\"><span class=\"date\"><span class=\"number\">9<\/span><\/span><\/div><div data-date=\"2026-04-10\" class=\"bc-col prev-date\"><span class=\"date\"><span class=\"number\">10<\/span><\/span><\/div><div data-date=\"2026-04-11\" class=\"bc-col prev-date\"><span class=\"date\"><span class=\"number\">11<\/span><\/span><\/div><div data-date=\"2026-04-12\" class=\"bc-col today prev-date\"><span class=\"date\"><span class=\"number\">12<\/span><\/span><\/div><\/div><div class=\"bc-row week\"><div data-date=\"2026-04-13\" class=\"bc-col \"><span class=\"date tooltipster\" title=\"32 Available\"><span class=\"number\">13<\/span><\/span><\/div><div data-date=\"2026-04-14\" class=\"bc-col prev-date\"><span class=\"date\"><span class=\"number\">14<\/span><\/span><\/div><div data-date=\"2026-04-15\" class=\"bc-col \"><span class=\"date tooltipster\" title=\"32 Available\"><span class=\"number\">15<\/span><\/span><\/div><div data-date=\"2026-04-16\" class=\"bc-col prev-date\"><span class=\"date\"><span class=\"number\">16<\/span><\/span><\/div><div data-date=\"2026-04-17\" class=\"bc-col prev-date\"><span class=\"date\"><span class=\"number\">17<\/span><\/span><\/div><div data-date=\"2026-04-18\" class=\"bc-col prev-date\"><span class=\"date\"><span class=\"number\">18<\/span><\/span><\/div><div data-date=\"2026-04-19\" class=\"bc-col \"><span class=\"date tooltipster\" title=\"5 Available\"><span class=\"number\">19<\/span><\/span><\/div><\/div><div class=\"bc-row week\"><div data-date=\"2026-04-20\" class=\"bc-col \"><span class=\"date tooltipster\" title=\"32 Available\"><span class=\"number\">20<\/span><\/span><\/div><div data-date=\"2026-04-21\" class=\"bc-col prev-date\"><span class=\"date\"><span class=\"number\">21<\/span><\/span><\/div><div data-date=\"2026-04-22\" class=\"bc-col \"><span class=\"date tooltipster\" title=\"32 Available\"><span class=\"number\">22<\/span><\/span><\/div><div data-date=\"2026-04-23\" class=\"bc-col prev-date\"><span class=\"date\"><span class=\"number\">23<\/span><\/span><\/div><div data-date=\"2026-04-24\" class=\"bc-col prev-date\"><span class=\"date\"><span class=\"number\">24<\/span><\/span><\/div><div data-date=\"2026-04-25\" class=\"bc-col prev-date\"><span class=\"date\"><span class=\"number\">25<\/span><\/span><\/div><div data-date=\"2026-04-26\" class=\"bc-col \"><span class=\"date tooltipster\" title=\"5 Available\"><span class=\"number\">26<\/span><\/span><\/div><\/div><div class=\"bc-row week\"><div data-date=\"2026-04-27\" class=\"bc-col \"><span class=\"date tooltipster\" title=\"32 Available\"><span class=\"number\">27<\/span><\/span><\/div><div data-date=\"2026-04-28\" class=\"bc-col prev-date\"><span class=\"date\"><span class=\"number\">28<\/span><\/span><\/div><div data-date=\"2026-04-29\" class=\"bc-col \"><span class=\"date tooltipster\" title=\"32 Available\"><span class=\"number\">29<\/span><\/span><\/div><div data-date=\"2026-04-30\" class=\"bc-col prev-date\"><span class=\"date\"><span class=\"number\">30<\/span><\/span><\/div><div data-date=\"2026-05-1\" class=\"bc-col next-month prev-date\"><span class=\"date\"><span class=\"number\">1<\/span><\/span><\/div><div data-date=\"2026-05-2\" class=\"bc-col next-month prev-date\"><span class=\"date\"><span class=\"number\">2<\/span><\/span><\/div><div data-date=\"2026-05-3\" class=\"bc-col next-month\"><span class=\"date tooltipster\" title=\"5 Available\"><span class=\"number\">3<\/span><\/span><\/div><\/div>\t\t<\/div>\n\t<\/div><\/div><\/div>[\/vc_column_text][\/vc_column][\/vc_row]<\/p>\n<\/section>","protected":false},"excerpt":{"rendered":"<p>[vc_row][vc_column][vc_column_text][\/vc_column_text][\/vc_column][\/vc_row]<\/p>\n","protected":false},"author":1,"featured_media":0,"parent":0,"menu_order":0,"comment_status":"closed","ping_status":"closed","template":"","meta":{"_mi_skip_tracking":false,"_monsterinsights_sitenote_active":false,"_monsterinsights_sitenote_note":"","_monsterinsights_sitenote_category":0,"footnotes":""},"tags":[],"yoast_head":"<!-- This site is optimized with the Yoast SEO Premium plugin v20.13 (Yoast SEO v21.4) - https:\/\/yoast.com\/wordpress\/plugins\/seo\/ -->\n<title>Tik\u0161an\u0101s - Therapy Space<\/title>\n<meta name=\"description\" content=\"Pieteikties konsult\u0101cijai m\u016bsu terpaijas klinika. Profesion\u0101li terapeiti pal\u012bdz p\u0101rvar\u0113t dz\u012bves kr\u012bzes, traumas un emocion\u0101l\u0101s probl\u0113mas.\" \/>\n<meta name=\"robots\" content=\"index, follow, max-snippet:-1, max-image-preview:large, max-video-preview:-1\" \/>\n<link rel=\"canonical\" href=\"https:\/\/therapyspace.pro\/lv\/tiksanas\/\" \/>\n<meta property=\"og:locale\" content=\"lv_LV\" \/>\n<meta property=\"og:type\" content=\"article\" \/>\n<meta property=\"og:title\" content=\"Tik\u0161an\u0101s\" \/>\n<meta property=\"og:description\" content=\"Pieteikties konsult\u0101cijai m\u016bsu terpaijas klinika. Profesion\u0101li terapeiti pal\u012bdz p\u0101rvar\u0113t dz\u012bves kr\u012bzes, traumas un emocion\u0101l\u0101s probl\u0113mas.\" \/>\n<meta property=\"og:url\" content=\"https:\/\/therapyspace.pro\/lv\/tiksanas\/\" \/>\n<meta property=\"og:site_name\" content=\"Therapy Space\" \/>\n<meta property=\"article:modified_time\" content=\"2023-10-11T13:09:19+00:00\" \/>\n<meta name=\"twitter:card\" content=\"summary_large_image\" \/>\n<meta name=\"twitter:label1\" content=\"Est. reading time\" \/>\n\t<meta name=\"twitter:data1\" content=\"1 minute\" \/>\n<script type=\"application\/ld+json\" class=\"yoast-schema-graph\">{\"@context\":\"https:\/\/schema.org\",\"@graph\":[{\"@type\":\"WebPage\",\"@id\":\"https:\/\/therapyspace.pro\/lv\/tiksanas\/\",\"url\":\"https:\/\/therapyspace.pro\/lv\/tiksanas\/\",\"name\":\"Tik\u0161an\u0101s - Therapy Space\",\"isPartOf\":{\"@id\":\"https:\/\/therapyspace.pro\/#website\"},\"datePublished\":\"2017-01-10T08:13:32+00:00\",\"dateModified\":\"2023-10-11T13:09:19+00:00\",\"description\":\"Pieteikties konsult\u0101cijai m\u016bsu terpaijas klinika. Profesion\u0101li terapeiti pal\u012bdz p\u0101rvar\u0113t dz\u012bves kr\u012bzes, traumas un emocion\u0101l\u0101s probl\u0113mas.\",\"breadcrumb\":{\"@id\":\"https:\/\/therapyspace.pro\/lv\/tiksanas\/#breadcrumb\"},\"inLanguage\":\"lv-LV\",\"potentialAction\":[{\"@type\":\"ReadAction\",\"target\":[\"https:\/\/therapyspace.pro\/lv\/tiksanas\/\"]}]},{\"@type\":\"BreadcrumbList\",\"@id\":\"https:\/\/therapyspace.pro\/lv\/tiksanas\/#breadcrumb\",\"itemListElement\":[{\"@type\":\"ListItem\",\"position\":1,\"name\":\"Home\",\"item\":\"https:\/\/therapyspace.pro\/lv\/\"},{\"@type\":\"ListItem\",\"position\":2,\"name\":\"Tik\u0161an\u0101s\"}]},{\"@type\":\"WebSite\",\"@id\":\"https:\/\/therapyspace.pro\/#website\",\"url\":\"https:\/\/therapyspace.pro\/\",\"name\":\"Therapy Space\",\"description\":\"Discover. Heal. Evolve.\",\"potentialAction\":[{\"@type\":\"SearchAction\",\"target\":{\"@type\":\"EntryPoint\",\"urlTemplate\":\"https:\/\/therapyspace.pro\/?s={search_term_string}\"},\"query-input\":\"required name=search_term_string\"}],\"inLanguage\":\"lv-LV\"}]}<\/script>\n<!-- \/ Yoast SEO Premium plugin. -->","yoast_head_json":{"title":"Tik\u0161an\u0101s - Therapy Space","description":"Pieteikties konsult\u0101cijai m\u016bsu terpaijas klinika. Profesion\u0101li terapeiti pal\u012bdz p\u0101rvar\u0113t dz\u012bves kr\u012bzes, traumas un emocion\u0101l\u0101s probl\u0113mas.","robots":{"index":"index","follow":"follow","max-snippet":"max-snippet:-1","max-image-preview":"max-image-preview:large","max-video-preview":"max-video-preview:-1"},"canonical":"https:\/\/therapyspace.pro\/lv\/tiksanas\/","og_locale":"lv_LV","og_type":"article","og_title":"Tik\u0161an\u0101s","og_description":"Pieteikties konsult\u0101cijai m\u016bsu terpaijas klinika. Profesion\u0101li terapeiti pal\u012bdz p\u0101rvar\u0113t dz\u012bves kr\u012bzes, traumas un emocion\u0101l\u0101s probl\u0113mas.","og_url":"https:\/\/therapyspace.pro\/lv\/tiksanas\/","og_site_name":"Therapy Space","article_modified_time":"2023-10-11T13:09:19+00:00","twitter_card":"summary_large_image","twitter_misc":{"Est. reading time":"1 minute"},"schema":{"@context":"https:\/\/schema.org","@graph":[{"@type":"WebPage","@id":"https:\/\/therapyspace.pro\/lv\/tiksanas\/","url":"https:\/\/therapyspace.pro\/lv\/tiksanas\/","name":"Tik\u0161an\u0101s - Therapy Space","isPartOf":{"@id":"https:\/\/therapyspace.pro\/#website"},"datePublished":"2017-01-10T08:13:32+00:00","dateModified":"2023-10-11T13:09:19+00:00","description":"Pieteikties konsult\u0101cijai m\u016bsu terpaijas klinika. Profesion\u0101li terapeiti pal\u012bdz p\u0101rvar\u0113t dz\u012bves kr\u012bzes, traumas un emocion\u0101l\u0101s probl\u0113mas.","breadcrumb":{"@id":"https:\/\/therapyspace.pro\/lv\/tiksanas\/#breadcrumb"},"inLanguage":"lv-LV","potentialAction":[{"@type":"ReadAction","target":["https:\/\/therapyspace.pro\/lv\/tiksanas\/"]}]},{"@type":"BreadcrumbList","@id":"https:\/\/therapyspace.pro\/lv\/tiksanas\/#breadcrumb","itemListElement":[{"@type":"ListItem","position":1,"name":"Home","item":"https:\/\/therapyspace.pro\/lv\/"},{"@type":"ListItem","position":2,"name":"Tik\u0161an\u0101s"}]},{"@type":"WebSite","@id":"https:\/\/therapyspace.pro\/#website","url":"https:\/\/therapyspace.pro\/","name":"Therapy Space","description":"Discover. Heal. Evolve.","potentialAction":[{"@type":"SearchAction","target":{"@type":"EntryPoint","urlTemplate":"https:\/\/therapyspace.pro\/?s={search_term_string}"},"query-input":"required name=search_term_string"}],"inLanguage":"lv-LV"}]}},"_links":{"self":[{"href":"https:\/\/therapyspace.pro\/lv\/wp-json\/wp\/v2\/pages\/1463"}],"collection":[{"href":"https:\/\/therapyspace.pro\/lv\/wp-json\/wp\/v2\/pages"}],"about":[{"href":"https:\/\/therapyspace.pro\/lv\/wp-json\/wp\/v2\/types\/page"}],"author":[{"embeddable":true,"href":"https:\/\/therapyspace.pro\/lv\/wp-json\/wp\/v2\/users\/1"}],"replies":[{"embeddable":true,"href":"https:\/\/therapyspace.pro\/lv\/wp-json\/wp\/v2\/comments?post=1463"}],"version-history":[{"count":2,"href":"https:\/\/therapyspace.pro\/lv\/wp-json\/wp\/v2\/pages\/1463\/revisions"}],"predecessor-version":[{"id":1466,"href":"https:\/\/therapyspace.pro\/lv\/wp-json\/wp\/v2\/pages\/1463\/revisions\/1466"}],"wp:attachment":[{"href":"https:\/\/therapyspace.pro\/lv\/wp-json\/wp\/v2\/media?parent=1463"}],"wp:term":[{"taxonomy":"post_tag","embeddable":true,"href":"https:\/\/therapyspace.pro\/lv\/wp-json\/wp\/v2\/tags?post=1463"}],"curies":[{"name":"wp","href":"https:\/\/api.w.org\/{rel}","templated":true}]}}