{"id":1467,"date":"2016-12-08T11:44:11","date_gmt":"2016-12-08T11:44:11","guid":{"rendered":"https:\/\/therapyspace.pro\/?page_id=1467"},"modified":"2023-10-11T13:24:26","modified_gmt":"2023-10-11T13:24:26","slug":"kontakti","status":"publish","type":"page","link":"https:\/\/therapyspace.pro\/lv\/kontakti\/","title":{"rendered":"Kontakti"},"content":{"rendered":"<section class=\"wpb-content-wrapper\"><p>[vc_row full_width=&#8221;stretch_row_content_no_spaces&#8221; css=&#8221;.vc_custom_1482334183650{padding-bottom: 2em !important;}&#8221;][vc_column]<div id=\"sc_googlemap_424892827_wrap\" class=\"sc_googlemap_wrap\"><div class=\"sc_googlemap_content_wrap\"><div id=\"sc_googlemap_424892827\"\n\t\t\tclass=\"sc_googlemap sc_googlemap_default\"\n\t\t\t style=\"width:100%;height:562px;\"\t\t\tdata-zoom=\"14\"\n\t\t\tdata-style=\"dark\"\n\t\t\t><iframe\n\t\t\t\t\tsrc=\"https:\/\/maps.google.com\/maps?t=m&output=embed&iwloc=near&z=14&q=Brivibas+iela+105%2C+Riga+LV1005%2C+Latvia\"\n\t\t\t\t\tscrolling=\"no\"\n\t\t\t\t\tmarginheight=\"0\"\n\t\t\t\t\tmarginwidth=\"0\"\n\t\t\t\t\tframeborder=\"0\"\n\t\t\t\t\taria-label=\"One\"><\/iframe><\/div>\t\t\t<div class=\"sc_googlemap_content sc_googlemap_content_default\"><div id=\"sc_content_1188199875\"\n\t\tclass=\"sc_content sc_content_default\"><div class=\"sc_content_container\">[vc_column_text]<\/p>\n<ul class=\"trx_addons_list_googlemaps\">\n<li class=\"googlemap-home\">\n<h4 style=\"margin: 0;\"><span style=\"color: #ffffff;\">Brivibas iela 105, Riga LV-1001<\/span><\/h4>\n<\/li>\n<li class=\"googlemap-phone scheme_dark\">\n<h4 style=\"margin: 0;\"><a href=\"tel:+37120482662\" rel=\"noopener\">+371 2048 26 62<\/a><\/h4>\n<\/li>\n<li class=\"googlemap-mail scheme_dark\">\n<h4 style=\"margin: 0;\"><a href=\"mailto:hello@therapyspace.pro\">hello@therapyspace.pro<\/a><\/h4>\n<\/li>\n<\/ul>\n<p>[\/vc_column_text]<\/div><\/div><!-- \/.sc_content --><\/div>\n\t\t<\/div>\n\t\t<\/div><!-- \/.sc_googlemap_wrap -->[\/vc_column][\/vc_row][vc_row css=&#8221;.vc_custom_1482338604864{padding-top: 7.3em !important;padding-bottom: 9.7em !important;}&#8221;][vc_column]<div id=\"sc_content_997576470\"\n\t\tclass=\"sc_content sc_content_default sc_float_center sc_content_width_1_2\"><div class=\"sc_content_container\"><div id=\"sc_title_808119124\"\n\t\tclass=\"sc_title sc_title_default\"><h3 class=\"sc_item_title sc_title_title sc_align_center sc_item_title_style_default\">Sazinieties ar mums<\/h3><div class=\"sc_item_descr sc_title_descr sc_align_center\">Sazinieties ar mums, izmantojot zem\u0101k redzamo pieteikuma formu, un m\u0113s ar jums sazin\u0101simies p\u0113c iesp\u0113jas \u0101tr\u0101k.<\/div><\/div><!-- \/.sc_title -->[vc_empty_space alter_height=&#8221;medium&#8221; hide_on_mobile=&#8221;&#8221;]\n<div class=\"wpcf7 no-js\" id=\"wpcf7-f843-o1\" lang=\"en-US\" dir=\"ltr\">\n<div class=\"screen-reader-response\"><p role=\"status\" aria-live=\"polite\" aria-atomic=\"true\"><\/p> <ul><\/ul><\/div>\n<form action=\"\/lv\/wp-json\/wp\/v2\/pages\/1467#wpcf7-f843-o1\" method=\"post\" class=\"wpcf7-form init\" aria-label=\"Contact form\" novalidate=\"novalidate\" data-status=\"init\">\n<div style=\"display: none;\">\n<input type=\"hidden\" name=\"_wpcf7\" value=\"843\" \/>\n<input type=\"hidden\" name=\"_wpcf7_version\" value=\"5.8.1\" \/>\n<input type=\"hidden\" name=\"_wpcf7_locale\" value=\"en_US\" \/>\n<input type=\"hidden\" name=\"_wpcf7_unit_tag\" value=\"wpcf7-f843-o1\" \/>\n<input type=\"hidden\" name=\"_wpcf7_container_post\" value=\"0\" \/>\n<input type=\"hidden\" name=\"_wpcf7_posted_data_hash\" value=\"\" \/>\n<\/div>\n<div class=\"columns_wrap\">\n\t<div class=\"column-1_2\">\n\t\t<p><span class=\"wpcf7-form-control-wrap\" data-name=\"your-name\"><input size=\"40\" class=\"wpcf7-form-control wpcf7-text wpcf7-validates-as-required\" aria-required=\"true\" aria-invalid=\"false\" placeholder=\"Your Name\" value=\"\" type=\"text\" name=\"your-name\" \/><\/span>\n\t\t<\/p>\n\t<\/div>\n\t<div class=\"column-1_2\">\n\t\t<p><span class=\"wpcf7-form-control-wrap\" data-name=\"phone\"><input size=\"40\" class=\"wpcf7-form-control wpcf7-tel wpcf7-text wpcf7-validates-as-tel\" aria-invalid=\"false\" placeholder=\"Phone\" value=\"\" type=\"tel\" name=\"phone\" \/><\/span>\n\t\t<\/p>\n\t<\/div>\n\t<div class=\"column-1_2\">\n\t\t<p><span class=\"wpcf7-form-control-wrap\" data-name=\"your-email\"><input size=\"40\" class=\"wpcf7-form-control wpcf7-email wpcf7-validates-as-required wpcf7-text wpcf7-validates-as-email\" aria-required=\"true\" aria-invalid=\"false\" placeholder=\"Your E-mail\" value=\"\" type=\"email\" name=\"your-email\" \/><\/span>\n\t\t<\/p>\n\t<\/div>\n\t<div class=\"column-1_2\">\n\t\t<p><span class=\"wpcf7-form-control-wrap\" data-name=\"text-121\"><input size=\"40\" class=\"wpcf7-form-control wpcf7-text wpcf7-validates-as-required\" id=\"cm-datepicker\" aria-required=\"true\" aria-invalid=\"false\" placeholder=\"Date\" value=\"\" type=\"text\" name=\"text-121\" \/><\/span>\n\t\t<\/p>\n\t<\/div>\n<\/div>\n<div class=\"columns_wrap\">\n\t<div class=\"column-1_1\">\n\t\t<p><span class=\"wpcf7-form-control-wrap\" data-name=\"textarea-message\"><textarea cols=\"40\" rows=\"4\" class=\"wpcf7-form-control wpcf7-textarea wpcf7-validates-as-required\" aria-required=\"true\" aria-invalid=\"false\" placeholder=\"Your Message\" name=\"textarea-message\"><\/textarea><\/span>\n\t\t<\/p>\n\t<\/div>\n<\/div>\n<div class=\"columns_wrap\">\n\t<div class=\"column-1_1\">\n\t\t<div class=\"sc_form_field sc_form_field_button sc_form_field_submit\">\n\t\t\t<p><input class=\"wpcf7-form-control wpcf7-submit has-spinner\" type=\"submit\" value=\"Send Message\" \/>\n\t\t\t<\/p>\n\t\t<\/div>\n\t<\/div>\n<\/div><div class=\"wpcf7-response-output\" aria-hidden=\"true\"><\/div>\n<\/form>\n<\/div><\/div><\/div><!-- \/.sc_content -->[\/vc_column][\/vc_row]<\/p>\n<\/section>","protected":false},"excerpt":{"rendered":"<p>[vc_row full_width=&#8221;stretch_row_content_no_spaces&#8221; css=&#8221;.vc_custom_1482334183650{padding-bottom: 2em !important;}&#8221;][vc_column][\/vc_column][\/vc_row][vc_row css=&#8221;.vc_custom_1482338604864{padding-top: 7.3em !important;padding-bottom: 9.7em !important;}&#8221;][vc_column][\/vc_column][\/vc_row]<\/p>\n","protected":false},"author":1,"featured_media":0,"parent":0,"menu_order":0,"comment_status":"closed","ping_status":"closed","template":"","meta":{"_mi_skip_tracking":false,"_monsterinsights_sitenote_active":false,"_monsterinsights_sitenote_note":"","_monsterinsights_sitenote_category":0,"footnotes":""},"tags":[],"yoast_head":"<!-- This site is optimized with the Yoast SEO Premium plugin v20.13 (Yoast SEO v21.4) - https:\/\/yoast.com\/wordpress\/plugins\/seo\/ -->\n<title>Kontakti - Therapy Space<\/title>\n<meta name=\"description\" content=\"Pied\u0101v\u0101jam kvalitat\u012bvu terapiju par pie\u0146emamu cenu. Apm\u0101c\u012bti terapeiti sniedz individu\u0101lu, p\u0101ru, \u0123imenes un grupu terapiju, lai pal\u012bdz\u0113tu cilv\u0113kiem p\u0101rvar\u0113t dz\u012bves gr\u016bt\u012bbas\" \/>\n<meta name=\"robots\" content=\"index, follow, max-snippet:-1, max-image-preview:large, max-video-preview:-1\" \/>\n<link rel=\"canonical\" href=\"https:\/\/therapyspace.pro\/lv\/kontakti\/\" \/>\n<meta property=\"og:locale\" content=\"lv_LV\" \/>\n<meta property=\"og:type\" content=\"article\" \/>\n<meta property=\"og:title\" content=\"Kontakti\" \/>\n<meta property=\"og:description\" content=\"Pied\u0101v\u0101jam kvalitat\u012bvu terapiju par pie\u0146emamu cenu. Apm\u0101c\u012bti terapeiti sniedz individu\u0101lu, p\u0101ru, \u0123imenes un grupu terapiju, lai pal\u012bdz\u0113tu cilv\u0113kiem p\u0101rvar\u0113t dz\u012bves gr\u016bt\u012bbas\" \/>\n<meta property=\"og:url\" content=\"https:\/\/therapyspace.pro\/lv\/kontakti\/\" \/>\n<meta property=\"og:site_name\" content=\"Therapy Space\" \/>\n<meta property=\"article:modified_time\" content=\"2023-10-11T13:24:26+00:00\" \/>\n<meta name=\"twitter:card\" content=\"summary_large_image\" \/>\n<meta name=\"twitter:label1\" content=\"Est. reading time\" \/>\n\t<meta name=\"twitter:data1\" content=\"1 minute\" \/>\n<script type=\"application\/ld+json\" class=\"yoast-schema-graph\">{\"@context\":\"https:\/\/schema.org\",\"@graph\":[{\"@type\":\"WebPage\",\"@id\":\"https:\/\/therapyspace.pro\/lv\/kontakti\/\",\"url\":\"https:\/\/therapyspace.pro\/lv\/kontakti\/\",\"name\":\"Kontakti - Therapy Space\",\"isPartOf\":{\"@id\":\"https:\/\/therapyspace.pro\/#website\"},\"datePublished\":\"2016-12-08T11:44:11+00:00\",\"dateModified\":\"2023-10-11T13:24:26+00:00\",\"description\":\"Pied\u0101v\u0101jam kvalitat\u012bvu terapiju par pie\u0146emamu cenu. Apm\u0101c\u012bti terapeiti sniedz individu\u0101lu, p\u0101ru, \u0123imenes un grupu terapiju, lai pal\u012bdz\u0113tu cilv\u0113kiem p\u0101rvar\u0113t dz\u012bves gr\u016bt\u012bbas\",\"breadcrumb\":{\"@id\":\"https:\/\/therapyspace.pro\/lv\/kontakti\/#breadcrumb\"},\"inLanguage\":\"lv-LV\",\"potentialAction\":[{\"@type\":\"ReadAction\",\"target\":[\"https:\/\/therapyspace.pro\/lv\/kontakti\/\"]}]},{\"@type\":\"BreadcrumbList\",\"@id\":\"https:\/\/therapyspace.pro\/lv\/kontakti\/#breadcrumb\",\"itemListElement\":[{\"@type\":\"ListItem\",\"position\":1,\"name\":\"Home\",\"item\":\"https:\/\/therapyspace.pro\/lv\/\"},{\"@type\":\"ListItem\",\"position\":2,\"name\":\"Kontakti\"}]},{\"@type\":\"WebSite\",\"@id\":\"https:\/\/therapyspace.pro\/#website\",\"url\":\"https:\/\/therapyspace.pro\/\",\"name\":\"Therapy Space\",\"description\":\"Discover. Heal. Evolve.\",\"potentialAction\":[{\"@type\":\"SearchAction\",\"target\":{\"@type\":\"EntryPoint\",\"urlTemplate\":\"https:\/\/therapyspace.pro\/?s={search_term_string}\"},\"query-input\":\"required name=search_term_string\"}],\"inLanguage\":\"lv-LV\"}]}<\/script>\n<!-- \/ Yoast SEO Premium plugin. -->","yoast_head_json":{"title":"Kontakti - Therapy Space","description":"Pied\u0101v\u0101jam kvalitat\u012bvu terapiju par pie\u0146emamu cenu. Apm\u0101c\u012bti terapeiti sniedz individu\u0101lu, p\u0101ru, \u0123imenes un grupu terapiju, lai pal\u012bdz\u0113tu cilv\u0113kiem p\u0101rvar\u0113t dz\u012bves gr\u016bt\u012bbas","robots":{"index":"index","follow":"follow","max-snippet":"max-snippet:-1","max-image-preview":"max-image-preview:large","max-video-preview":"max-video-preview:-1"},"canonical":"https:\/\/therapyspace.pro\/lv\/kontakti\/","og_locale":"lv_LV","og_type":"article","og_title":"Kontakti","og_description":"Pied\u0101v\u0101jam kvalitat\u012bvu terapiju par pie\u0146emamu cenu. Apm\u0101c\u012bti terapeiti sniedz individu\u0101lu, p\u0101ru, \u0123imenes un grupu terapiju, lai pal\u012bdz\u0113tu cilv\u0113kiem p\u0101rvar\u0113t dz\u012bves gr\u016bt\u012bbas","og_url":"https:\/\/therapyspace.pro\/lv\/kontakti\/","og_site_name":"Therapy Space","article_modified_time":"2023-10-11T13:24:26+00:00","twitter_card":"summary_large_image","twitter_misc":{"Est. reading time":"1 minute"},"schema":{"@context":"https:\/\/schema.org","@graph":[{"@type":"WebPage","@id":"https:\/\/therapyspace.pro\/lv\/kontakti\/","url":"https:\/\/therapyspace.pro\/lv\/kontakti\/","name":"Kontakti - Therapy Space","isPartOf":{"@id":"https:\/\/therapyspace.pro\/#website"},"datePublished":"2016-12-08T11:44:11+00:00","dateModified":"2023-10-11T13:24:26+00:00","description":"Pied\u0101v\u0101jam kvalitat\u012bvu terapiju par pie\u0146emamu cenu. Apm\u0101c\u012bti terapeiti sniedz individu\u0101lu, p\u0101ru, \u0123imenes un grupu terapiju, lai pal\u012bdz\u0113tu cilv\u0113kiem p\u0101rvar\u0113t dz\u012bves gr\u016bt\u012bbas","breadcrumb":{"@id":"https:\/\/therapyspace.pro\/lv\/kontakti\/#breadcrumb"},"inLanguage":"lv-LV","potentialAction":[{"@type":"ReadAction","target":["https:\/\/therapyspace.pro\/lv\/kontakti\/"]}]},{"@type":"BreadcrumbList","@id":"https:\/\/therapyspace.pro\/lv\/kontakti\/#breadcrumb","itemListElement":[{"@type":"ListItem","position":1,"name":"Home","item":"https:\/\/therapyspace.pro\/lv\/"},{"@type":"ListItem","position":2,"name":"Kontakti"}]},{"@type":"WebSite","@id":"https:\/\/therapyspace.pro\/#website","url":"https:\/\/therapyspace.pro\/","name":"Therapy Space","description":"Discover. Heal. Evolve.","potentialAction":[{"@type":"SearchAction","target":{"@type":"EntryPoint","urlTemplate":"https:\/\/therapyspace.pro\/?s={search_term_string}"},"query-input":"required name=search_term_string"}],"inLanguage":"lv-LV"}]}},"_links":{"self":[{"href":"https:\/\/therapyspace.pro\/lv\/wp-json\/wp\/v2\/pages\/1467"}],"collection":[{"href":"https:\/\/therapyspace.pro\/lv\/wp-json\/wp\/v2\/pages"}],"about":[{"href":"https:\/\/therapyspace.pro\/lv\/wp-json\/wp\/v2\/types\/page"}],"author":[{"embeddable":true,"href":"https:\/\/therapyspace.pro\/lv\/wp-json\/wp\/v2\/users\/1"}],"replies":[{"embeddable":true,"href":"https:\/\/therapyspace.pro\/lv\/wp-json\/wp\/v2\/comments?post=1467"}],"version-history":[{"count":2,"href":"https:\/\/therapyspace.pro\/lv\/wp-json\/wp\/v2\/pages\/1467\/revisions"}],"predecessor-version":[{"id":1470,"href":"https:\/\/therapyspace.pro\/lv\/wp-json\/wp\/v2\/pages\/1467\/revisions\/1470"}],"wp:attachment":[{"href":"https:\/\/therapyspace.pro\/lv\/wp-json\/wp\/v2\/media?parent=1467"}],"wp:term":[{"taxonomy":"post_tag","embeddable":true,"href":"https:\/\/therapyspace.pro\/lv\/wp-json\/wp\/v2\/tags?post=1467"}],"curies":[{"name":"wp","href":"https:\/\/api.w.org\/{rel}","templated":true}]}}